{"id":59,"date":"2013-07-04T20:16:38","date_gmt":"2013-07-04T18:16:38","guid":{"rendered":"http:\/\/www.juz-fechenheim.de\/neu\/?page_id=59"},"modified":"2024-03-08T14:39:59","modified_gmt":"2024-03-08T12:39:59","slug":"home","status":"publish","type":"page","link":"https:\/\/www.juz-fechenheim.de\/?page_id=59","title":{"rendered":"\u00dcber uns"},"content":{"rendered":"\n<h2 class=\"wp-block-heading has-text-align-center\">Ein Raum f\u00fcr Kinder und Jugendliche in Fechenheim<\/h2>\n\n\n\n<p class=\"has-text-align-center\">Das Selbstverwaltete Jugendzentrum Fechenheim e.V. ist eine Institution, die bereits seit 1974 im Stadtteil aktiv ist. Unsere Angebote sind, abgesehen von der Krabbelstube, grunds\u00e4tzlich kostenfrei.<\/p>\n\n\n\n<div class=\"wp-block-columns is-layout-flex wp-container-core-columns-is-layout-9d6595d7 wp-block-columns-is-layout-flex\">\n<div class=\"wp-block-column is-layout-flow wp-block-column-is-layout-flow\">\n<ul class=\"wp-block-list\">\n<li>Krabbelstube f\u00fcr Ein- bis Dreij\u00e4hrige<\/li>\n\n\n\n<li>Internetcaf\u00e9 f\u00fcr Jugendliche<\/li>\n\n\n\n<li>Girlstime \u2013 Aktionen f\u00fcr M\u00e4dchen<\/li>\n\n\n\n<li>\u00dcbungsr\u00e4ume f\u00fcr Bands<\/li>\n\n\n\n<li>Spielplatz im Hof \/ Tischtennisplatte<\/li>\n\n\n\n<li>Ausfl\u00fcge + Freizeitprojekte<\/li>\n\n\n\n<li>Beratung und Hilfe bei pers\u00f6nlichen Problemen<\/li>\n\n\n\n<li>Unterst\u00fctzung bei Bewerbungsschreiben und Ausbildungsplatzsuche<\/li>\n<\/ul>\n<\/div>\n<\/div>\n\n\n\n<div class=\"wp-block-columns is-layout-flex wp-container-core-columns-is-layout-9d6595d7 wp-block-columns-is-layout-flex\">\n<div class=\"wp-block-column is-layout-flow wp-block-column-is-layout-flow\"><\/div>\n<\/div>\n","protected":false},"excerpt":{"rendered":"<p>Ein Raum f\u00fcr Kinder und Jugendliche in Fechenheim Das Selbstverwaltete Jugendzentrum Fechenheim e.V. ist eine Institution, die bereits seit 1974 im Stadtteil aktiv ist. Unsere Angebote sind, abgesehen von der Krabbelstube, grunds\u00e4tzlich kostenfrei.<\/p>\n","protected":false},"author":1,"featured_media":314,"parent":243,"menu_order":1,"comment_status":"closed","ping_status":"closed","template":"","meta":{"footnotes":""},"class_list":["post-59","page","type-page","status-publish","has-post-thumbnail","hentry"],"_links":{"self":[{"href":"https:\/\/www.juz-fechenheim.de\/index.php?rest_route=\/wp\/v2\/pages\/59","targetHints":{"allow":["GET"]}}],"collection":[{"href":"https:\/\/www.juz-fechenheim.de\/index.php?rest_route=\/wp\/v2\/pages"}],"about":[{"href":"https:\/\/www.juz-fechenheim.de\/index.php?rest_route=\/wp\/v2\/types\/page"}],"author":[{"embeddable":true,"href":"https:\/\/www.juz-fechenheim.de\/index.php?rest_route=\/wp\/v2\/users\/1"}],"replies":[{"embeddable":true,"href":"https:\/\/www.juz-fechenheim.de\/index.php?rest_route=%2Fwp%2Fv2%2Fcomments&post=59"}],"version-history":[{"count":17,"href":"https:\/\/www.juz-fechenheim.de\/index.php?rest_route=\/wp\/v2\/pages\/59\/revisions"}],"predecessor-version":[{"id":360,"href":"https:\/\/www.juz-fechenheim.de\/index.php?rest_route=\/wp\/v2\/pages\/59\/revisions\/360"}],"up":[{"embeddable":true,"href":"https:\/\/www.juz-fechenheim.de\/index.php?rest_route=\/wp\/v2\/pages\/243"}],"wp:featuredmedia":[{"embeddable":true,"href":"https:\/\/www.juz-fechenheim.de\/index.php?rest_route=\/wp\/v2\/media\/314"}],"wp:attachment":[{"href":"https:\/\/www.juz-fechenheim.de\/index.php?rest_route=%2Fwp%2Fv2%2Fmedia&parent=59"}],"curies":[{"name":"wp","href":"https:\/\/api.w.org\/{rel}","templated":true}]}}